{"id":13,"date":"2025-03-12T10:44:59","date_gmt":"2025-03-12T10:44:59","guid":{"rendered":"http:\/\/192.168.0.252\/?page_id=13"},"modified":"2025-03-13T07:55:51","modified_gmt":"2025-03-13T06:55:51","slug":"home","status":"publish","type":"page","link":"https:\/\/www.csit.be\/","title":{"rendered":"Accueil"},"content":{"rendered":"\n<div class=\"wp-block-columns container is-layout-flex wp-container-core-columns-is-layout-1 wp-block-columns-is-layout-flex\">\n<div class=\"wp-block-column col-md-5 is-layout-flow wp-block-column-is-layout-flow\">\n<figure class=\"wp-block-image size-full\"><img loading=\"lazy\" decoding=\"async\" width=\"1000\" height=\"250\" src=\"https:\/\/www.csit.be\/wp-content\/uploads\/2025\/03\/header2.png\" alt=\"\" class=\"wp-image-35\" srcset=\"https:\/\/www.csit.be\/wp-content\/uploads\/2025\/03\/header2.png 1000w, https:\/\/www.csit.be\/wp-content\/uploads\/2025\/03\/header2-300x75.png 300w, https:\/\/www.csit.be\/wp-content\/uploads\/2025\/03\/header2-768x192.png 768w\" sizes=\"auto, (max-width: 1000px) 100vw, 1000px\" \/><\/figure>\n\n\n\n<h2 class=\"wp-block-heading\">Qui sommes-nous ?<\/h2>\n\n\n\n<p>Fond\u00e9e en 1998, C.S.I.T. est une soci\u00e9t\u00e9 destin\u00e9e tant qu&rsquo;aux particuliers qu&rsquo;aux professionnels.<br>L&rsquo;objectif de la soci\u00e9t\u00e9 est de conseiller et d&rsquo;effectuer&nbsp;des \u00e9tudes informatiques adapt\u00e9es \u00e0 votre profil.<br>Mais nous pouvons \u00e9galement vendre et r\u00e9parer tout mat\u00e9riel informatique.<\/p>\n<\/div>\n<\/div>\n\n\n\n<div style=\"height:30px\" aria-hidden=\"true\" class=\"wp-block-spacer\"><\/div>\n\n\n\n<p><\/p>\n\n\n\n<div class=\"wp-block-cover alignfull is-light hestia-clear-top-padding\"><span aria-hidden=\"true\" class=\"wp-block-cover__background has-white-background-color has-background-dim-100 has-background-dim\"><\/span><div class=\"wp-block-cover__inner-container is-layout-flow wp-block-cover-is-layout-flow\">\n<h2 class=\"wp-block-heading has-text-align-center has-text-color\" style=\"color:#3c4858\">Nos services<\/h2>\n\n\n\n<div style=\"height:40px\" aria-hidden=\"true\" class=\"wp-block-spacer\"><\/div>\n\n\n\n<div class=\"wp-block-columns container is-layout-flex wp-container-core-columns-is-layout-2 wp-block-columns-is-layout-flex\">\n<div class=\"wp-block-column is-layout-flow wp-block-column-is-layout-flow\"><div class=\"wp-block-image\">\n<figure class=\"aligncenter size-full\"><img loading=\"lazy\" decoding=\"async\" width=\"64\" height=\"64\" src=\"https:\/\/www.csit.be\/wp-content\/uploads\/2025\/03\/feat1.png\" alt=\"\" class=\"wp-image-106\"\/><\/figure><\/div>\n\n\n<h5 class=\"wp-block-heading has-text-align-center has-text-color\" style=\"color:#3c4858;font-size:18px\">Conseils &#8211; Services<\/h5>\n\n\n\n<p class=\"has-text-align-center has-black-color has-text-color\" style=\"font-size:14px\">Afin de bien g\u00e9rer votre soci\u00e9t\u00e9, il est devenu indispensable d\u2019obtenir des conseils, de faire appel aux services d&rsquo;une soci\u00e9t\u00e9 d\u2019informatique afin d\u2019assurer et faire \u00e9voluer l\u2019infrastructure de l\u2019entreprise. Nos conseils seront de donner des trucs et astuces sur le syst\u00e8me d&rsquo;exploitation utilis\u00e9.<\/p>\n\n\n\n<p class=\"has-text-align-center has-text-color\" style=\"color:#999999;font-size:14px\"><\/p>\n\n\n\n<div style=\"height:25px\" aria-hidden=\"true\" class=\"wp-block-spacer\"><\/div>\n<\/div>\n\n\n\n<div class=\"wp-block-column is-layout-flow wp-block-column-is-layout-flow\"><div class=\"wp-block-image\">\n<figure class=\"aligncenter size-full\"><img loading=\"lazy\" decoding=\"async\" width=\"64\" height=\"64\" src=\"https:\/\/www.csit.be\/wp-content\/uploads\/2025\/03\/feat2.png\" alt=\"\" class=\"wp-image-107\"\/><\/figure><\/div>\n\n\n<h5 class=\"wp-block-heading has-text-align-center has-text-color\" style=\"color:#3c4858;font-size:18px\">Support<\/h5>\n\n\n\n<p class=\"has-text-align-center has-black-color has-text-color\" style=\"font-size:14px\">L&rsquo;installation, la configuration de votre parc informatique est faite afin d&rsquo;assurer un support dans toutes les circonstances.<\/p>\n\n\n\n<p class=\"has-text-align-center has-black-color has-text-color\" style=\"font-size:14px\">Un service apr\u00e8s-vente sera \u00e0 votre disposition et il sera possible de conclure un contrat de maintenance \u00e0 domicile.<\/p>\n\n\n\n<details class=\"wp-block-details is-layout-flow wp-block-details-is-layout-flow\"><summary>Lire la suite<\/summary>\n<p style=\"font-size:14px\">De plus, nous communiquons avec vous de diff\u00e9rentes fa\u00e7ons pour assurer le bon fonctionnement en toutes circonstances soit :<\/p>\n\n\n\n<ul class=\"wp-block-list\">\n<li style=\"font-size:14px\">par une intervention pour effectuer un d\u00e9pannage \u00e0 domicile.<\/li>\n\n\n\n<li style=\"font-size:14px\">par une assistance t\u00e9l\u00e9phonique.<\/li>\n\n\n\n<li style=\"font-size:14px\">par un contr\u00f4le \u00e0 distance de vos machines.<\/li>\n<\/ul>\n<\/details>\n\n\n\n<hr class=\"wp-block-separator has-alpha-channel-opacity\" id=\"system-readmore\"\/>\n\n\n\n<div style=\"height:25px\" aria-hidden=\"true\" class=\"wp-block-spacer\"><\/div>\n<\/div>\n\n\n\n<div class=\"wp-block-column is-layout-flow wp-block-column-is-layout-flow\"><div class=\"wp-block-image\">\n<figure class=\"aligncenter size-full\"><img loading=\"lazy\" decoding=\"async\" width=\"64\" height=\"64\" src=\"https:\/\/www.csit.be\/wp-content\/uploads\/2025\/03\/feat3.png\" alt=\"\" class=\"wp-image-108\"\/><\/figure><\/div>\n\n\n<h5 class=\"wp-block-heading has-text-align-center has-text-color\" style=\"color:#3c4858;font-size:18px\">Ventes &#8211; D\u00e9pannage<\/h5>\n\n\n\n<p class=\"has-text-align-center has-black-color has-text-color\" style=\"font-size:14px\">C.S.I.T vend et r\u00e9pare du mat\u00e9riel selon vos besoins; du PC familial \u00e0 l&rsquo;infrastructure compl\u00e8te d&rsquo;une soci\u00e9t\u00e9.  Un <a href=\"http:\/\/192.168.0.252\/index.php\/contact\/\" data-type=\"page\" data-id=\"14\">formulaire<\/a> vous permettra d&rsquo;effectuer de votre demande.<\/p>\n\n\n\n<p class=\"has-text-align-center has-text-color\" style=\"color:#999999;font-size:14px\"><\/p>\n\n\n\n<div style=\"height:25px\" aria-hidden=\"true\" class=\"wp-block-spacer\"><\/div>\n<\/div>\n<\/div>\n\n\n\n<div style=\"height:40px\" aria-hidden=\"true\" class=\"wp-block-spacer\"><\/div>\n<\/div><\/div>\n\n\n\n<p><\/p>\n","protected":false},"excerpt":{"rendered":"<p>Qui sommes-nous ? Fond\u00e9e en 1998, C.S.I.T. est une soci\u00e9t\u00e9 destin\u00e9e tant qu&rsquo;aux particuliers qu&rsquo;aux professionnels.L&rsquo;objectif de la soci\u00e9t\u00e9 est de conseiller et d&rsquo;effectuer&nbsp;des \u00e9tudes informatiques adapt\u00e9es \u00e0 votre profil.Mais nous pouvons \u00e9galement vendre et r\u00e9parer tout mat\u00e9riel informatique.<\/p>\n","protected":false},"author":1,"featured_media":54,"parent":0,"menu_order":0,"comment_status":"closed","ping_status":"closed","template":"","meta":{"footnotes":""},"class_list":["post-13","page","type-page","status-publish","has-post-thumbnail","hentry"],"_links":{"self":[{"href":"https:\/\/www.csit.be\/index.php\/wp-json\/wp\/v2\/pages\/13","targetHints":{"allow":["GET"]}}],"collection":[{"href":"https:\/\/www.csit.be\/index.php\/wp-json\/wp\/v2\/pages"}],"about":[{"href":"https:\/\/www.csit.be\/index.php\/wp-json\/wp\/v2\/types\/page"}],"author":[{"embeddable":true,"href":"https:\/\/www.csit.be\/index.php\/wp-json\/wp\/v2\/users\/1"}],"replies":[{"embeddable":true,"href":"https:\/\/www.csit.be\/index.php\/wp-json\/wp\/v2\/comments?post=13"}],"version-history":[{"count":24,"href":"https:\/\/www.csit.be\/index.php\/wp-json\/wp\/v2\/pages\/13\/revisions"}],"predecessor-version":[{"id":113,"href":"https:\/\/www.csit.be\/index.php\/wp-json\/wp\/v2\/pages\/13\/revisions\/113"}],"wp:featuredmedia":[{"embeddable":true,"href":"https:\/\/www.csit.be\/index.php\/wp-json\/wp\/v2\/media\/54"}],"wp:attachment":[{"href":"https:\/\/www.csit.be\/index.php\/wp-json\/wp\/v2\/media?parent=13"}],"curies":[{"name":"wp","href":"https:\/\/api.w.org\/{rel}","templated":true}]}}